{"id":21,"date":"2024-10-07T17:04:33","date_gmt":"2024-10-07T17:04:33","guid":{"rendered":"https:\/\/zirkoniajs.com\/?page_id=21"},"modified":"2024-10-07T17:58:14","modified_gmt":"2024-10-07T17:58:14","slug":"ubicacion","status":"publish","type":"page","link":"https:\/\/zirkoniajs.com\/?page_id=21","title":{"rendered":"Ubicaci\u00f3n"},"content":{"rendered":"<p>\u00a1Te invitamos a visitar nuestra joyer\u00eda en la bella ciudad de Puebla, donde la elegancia y el estilo se encuentran en cada pieza! Descubre nuestras colecciones exclusivas de anillos, collares, pulseras y m\u00e1s, elaboradas con los m\u00e1s altos est\u00e1ndares de calidad. Ya sea que busques un regalo especial o un detalle \u00fanico para ti, aqu\u00ed encontrar\u00e1s la joya perfecta.<\/p><p>Nos encantar\u00eda atenderte personalmente y ayudarte a elegir la pieza ideal para cualquier ocasi\u00f3n. \u00a1Te esperamos con promociones especiales y una experiencia de compra inolvidable!<\/p><p>\u00a1Vis\u00edtanos en Galer\u00edas Serd\u00e1n y Explanada Puebla!<\/p><iframe src=\"https:\/\/www.google.com\/maps\/embed?pb=!1m18!1m12!1m3!1d3770.8228991491465!2d-98.22792052393795!3d19.071522682132198!2m3!1f0!2f0!3f0!3m2!1i1024!2i768!4f13.1!3m3!1m2!1s0x85cfc6cbe788e6db%3A0x35f31e4cd740262e!2zR2FsZXLDrWFzIFNlcmTDoW4!5e0!3m2!1ses-419!2smx!4v1728320619883!5m2!1ses-419!2smx\" width=\"600\" height=\"450\" style=\"border:0;\" allowfullscreen=\"\" loading=\"lazy\" referrerpolicy=\"no-referrer-when-downgrade\"><\/iframe><iframe src=\"https:\/\/www.google.com\/maps\/embed?pb=!1m18!1m12!1m3!1d60332.68084627871!2d-98.35287094116211!3d19.07285634733478!2m3!1f0!2f0!3f0!3m2!1i1024!2i768!4f13.1!3m3!1m2!1s0x85cfc7df4fb5f547%3A0x87049fa475218fb6!2sExplanada%20Puebla!5e0!3m2!1ses-419!2smx!4v1728320651059!5m2!1ses-419!2smx\" width=\"600\" height=\"450\" style=\"border:0;\" allowfullscreen=\"\" loading=\"lazy\" referrerpolicy=\"no-referrer-when-downgrade\"><\/iframe><p><\/p>","protected":false},"excerpt":{"rendered":"<p>\u00a1Te invitamos a visitar nuestra joyer\u00eda en la bella ciudad de Puebla, donde la elegancia y el estilo se encuentran en cada pieza! Descubre nuestras colecciones exclusivas de anillos, collares, pulseras y m\u00e1s, elaboradas con los m\u00e1s altos est\u00e1ndares de calidad. Ya sea que busques un regalo especial o un detalle \u00fanico para ti, aqu\u00ed [&hellip;]<\/p>\n","protected":false},"author":1,"featured_media":0,"parent":0,"menu_order":0,"comment_status":"closed","ping_status":"closed","template":"","meta":{"footnotes":""},"class_list":["post-21","page","type-page","status-publish","hentry"],"_links":{"self":[{"href":"https:\/\/zirkoniajs.com\/index.php?rest_route=\/wp\/v2\/pages\/21","targetHints":{"allow":["GET"]}}],"collection":[{"href":"https:\/\/zirkoniajs.com\/index.php?rest_route=\/wp\/v2\/pages"}],"about":[{"href":"https:\/\/zirkoniajs.com\/index.php?rest_route=\/wp\/v2\/types\/page"}],"author":[{"embeddable":true,"href":"https:\/\/zirkoniajs.com\/index.php?rest_route=\/wp\/v2\/users\/1"}],"replies":[{"embeddable":true,"href":"https:\/\/zirkoniajs.com\/index.php?rest_route=%2Fwp%2Fv2%2Fcomments&post=21"}],"version-history":[{"count":3,"href":"https:\/\/zirkoniajs.com\/index.php?rest_route=\/wp\/v2\/pages\/21\/revisions"}],"predecessor-version":[{"id":65,"href":"https:\/\/zirkoniajs.com\/index.php?rest_route=\/wp\/v2\/pages\/21\/revisions\/65"}],"wp:attachment":[{"href":"https:\/\/zirkoniajs.com\/index.php?rest_route=%2Fwp%2Fv2%2Fmedia&parent=21"}],"curies":[{"name":"wp","href":"https:\/\/api.w.org\/{rel}","templated":true}]}}