{"id":2,"date":"2024-10-06T23:05:54","date_gmt":"2024-10-06T23:05:54","guid":{"rendered":"http:\/\/zirkoniajs.microcodes.me\/?page_id=2"},"modified":"2024-10-07T17:02:04","modified_gmt":"2024-10-07T17:02:04","slug":"sample-page","status":"publish","type":"page","link":"https:\/\/zirkoniajs.com\/?page_id=2","title":{"rendered":"Qui\u00e9nes somos"},"content":{"rendered":"<p>En nuestra joyer\u00eda, nos dedicamos a ofrecer piezas \u00fanicas que celebran momentos especiales y reflejan la esencia de quienes las llevan. Con una cuidadosa selecci\u00f3n de dise\u00f1os exclusivos y materiales de alta calidad, buscamos transmitir elegancia y sofisticaci\u00f3n en cada detalle.<\/p><p>Nos enorgullece brindar un servicio personalizado, ayudando a nuestros clientes a encontrar la joya perfecta para cada ocasi\u00f3n. Ya sea que busques un anillo para esa ocasi\u00f3n especial, un regalo para un ser querido o una pieza que complemente tu estilo diario, estamos aqu\u00ed para acompa\u00f1arte en cada paso del proceso.<\/p><p><\/p>","protected":false},"excerpt":{"rendered":"<p>En nuestra joyer\u00eda, nos dedicamos a ofrecer piezas \u00fanicas que celebran momentos especiales y reflejan la esencia de quienes las llevan. Con una cuidadosa selecci\u00f3n de dise\u00f1os exclusivos y materiales de alta calidad, buscamos transmitir elegancia y sofisticaci\u00f3n en cada detalle. Nos enorgullece brindar un servicio personalizado, ayudando a nuestros clientes a encontrar la joya [&hellip;]<\/p>\n","protected":false},"author":1,"featured_media":0,"parent":0,"menu_order":0,"comment_status":"closed","ping_status":"open","template":"","meta":{"footnotes":""},"class_list":["post-2","page","type-page","status-publish","hentry"],"_links":{"self":[{"href":"https:\/\/zirkoniajs.com\/index.php?rest_route=\/wp\/v2\/pages\/2","targetHints":{"allow":["GET"]}}],"collection":[{"href":"https:\/\/zirkoniajs.com\/index.php?rest_route=\/wp\/v2\/pages"}],"about":[{"href":"https:\/\/zirkoniajs.com\/index.php?rest_route=\/wp\/v2\/types\/page"}],"author":[{"embeddable":true,"href":"https:\/\/zirkoniajs.com\/index.php?rest_route=\/wp\/v2\/users\/1"}],"replies":[{"embeddable":true,"href":"https:\/\/zirkoniajs.com\/index.php?rest_route=%2Fwp%2Fv2%2Fcomments&post=2"}],"version-history":[{"count":3,"href":"https:\/\/zirkoniajs.com\/index.php?rest_route=\/wp\/v2\/pages\/2\/revisions"}],"predecessor-version":[{"id":20,"href":"https:\/\/zirkoniajs.com\/index.php?rest_route=\/wp\/v2\/pages\/2\/revisions\/20"}],"wp:attachment":[{"href":"https:\/\/zirkoniajs.com\/index.php?rest_route=%2Fwp%2Fv2%2Fmedia&parent=2"}],"curies":[{"name":"wp","href":"https:\/\/api.w.org\/{rel}","templated":true}]}}